{"id":147,"date":"2020-04-28T21:50:34","date_gmt":"2020-04-28T21:50:34","guid":{"rendered":"https:\/\/omnii.de\/?page_id=147"},"modified":"2020-05-04T12:24:59","modified_gmt":"2020-05-04T12:24:59","slug":"kontakt","status":"publish","type":"page","link":"https:\/\/omnii.de\/cms\/kontakt\/","title":{"rendered":"Kontakt"},"content":{"rendered":"\n<p class=\"has-drop-cap\">Gerne stehe ich Ihnen f\u00fcr Fragen und Antworten zur Seite.. <a href=\"tel:088217086409\"><u><font color=\"#000117\"><font style=\"background-color: rgba(0, 127, 172, 0.2);\">08821<\/font><\/font><\/u>-7086409<\/a><\/p>\n\n\n\n<p><\/p>\n\n\n\n<p>Kontaktieren Sie mich rund um das Thema Web, EDV und Corporate Identity!<\/p>\n\n\n<div class=\"wpforms-container wpforms-container-full wpforms-block\" id=\"wpforms-161\"><form id=\"wpforms-form-161\" class=\"wpforms-validate wpforms-form wpforms-ajax-form\" data-formid=\"161\" method=\"post\" enctype=\"multipart\/form-data\" action=\"\/cms\/wp-json\/wp\/v2\/pages\/147\" data-token=\"a2f5db3651d058706c1746cb23e8e2c5\" data-token-time=\"1776179467\"><noscript class=\"wpforms-error-noscript\">Bitte aktiviere JavaScript in deinem Browser, um dieses Formular fertigzustellen.<\/noscript><div class=\"wpforms-field-container\"><div id=\"wpforms-161-field_0-container\" class=\"wpforms-field wpforms-field-name\" data-field-id=\"0\"><label class=\"wpforms-field-label\" for=\"wpforms-161-field_0\">Name <span class=\"wpforms-required-label\">*<\/span><\/label><div class=\"wpforms-field-row wpforms-field-medium\"><div class=\"wpforms-field-row-block wpforms-first wpforms-one-half\"><input type=\"text\" id=\"wpforms-161-field_0\" class=\"wpforms-field-name-first wpforms-field-required\" name=\"wpforms[fields][0][first]\" placeholder=\"Max\" required><label for=\"wpforms-161-field_0\" class=\"wpforms-field-sublabel after \">Vorname<\/label><\/div><div class=\"wpforms-field-row-block wpforms-one-half\"><input type=\"text\" id=\"wpforms-161-field_0-last\" class=\"wpforms-field-name-last wpforms-field-required\" name=\"wpforms[fields][0][last]\" placeholder=\"M\u00fcller\" required><label for=\"wpforms-161-field_0-last\" class=\"wpforms-field-sublabel after \">Nachname<\/label><\/div><\/div><\/div><div id=\"wpforms-161-field_1-container\" class=\"wpforms-field wpforms-field-email\" data-field-id=\"1\"><label class=\"wpforms-field-label\" for=\"wpforms-161-field_1\">E-Mail <span class=\"wpforms-required-label\">*<\/span><\/label><input type=\"email\" id=\"wpforms-161-field_1\" class=\"wpforms-field-medium wpforms-field-required\" name=\"wpforms[fields][1]\" placeholder=\"max.mueller@omnii.de\" spellcheck=\"false\" required><\/div><div id=\"wpforms-161-field_2-container\" class=\"wpforms-field wpforms-field-textarea\" data-field-id=\"2\"><label class=\"wpforms-field-label\" for=\"wpforms-161-field_2\">Nachricht <span class=\"wpforms-required-label\">*<\/span><\/label><textarea id=\"wpforms-161-field_2\" class=\"wpforms-field-medium wpforms-field-required\" name=\"wpforms[fields][2]\" required><\/textarea><\/div><div id=\"wpforms-161-field_3-container\" class=\"wpforms-field wpforms-field-gdpr-checkbox\" data-field-id=\"3\"><label class=\"wpforms-field-label\">DSGVO-Einverst\u00e4ndnis <span class=\"wpforms-required-label\">*<\/span><\/label><ul id=\"wpforms-161-field_3\" class=\"wpforms-field-required\"><li class=\"choice-1\"><input type=\"checkbox\" id=\"wpforms-161-field_3_1\" name=\"wpforms[fields][3][]\" value=\"Ich stimme zu, dass meine Angaben aus dem Formular zur Beantwortung der Anfrage erhoben und verarbeitet werden. Die Daten werden nach abgeschlossener Bearbeitung Ihrer Anfrage gel\u00f6scht. Sie k\u00f6nnen Ihre Einwilligung jederzeit f\u00fcr die Zukunft per E-Mail an &lt;a href=&quot;mailto:info@omnii.de&quot;&gt;info@omnii.de&lt;\/a&gt; widerrufen. &lt;br \/&gt;Detaillierte Informationen zum Umgang mit Nutzerdaten finden Sie in der &lt;a href=&quot;\/EU-DSGVO&quot;&gt;EU-DSGVO&lt;\/a&gt;.\" required ><label class=\"wpforms-field-label-inline\" for=\"wpforms-161-field_3_1\">Ich stimme zu, dass meine Angaben aus dem Formular zur Beantwortung der Anfrage erhoben und verarbeitet werden. Die Daten werden nach abgeschlossener Bearbeitung Ihrer Anfrage gel\u00f6scht. Sie k\u00f6nnen Ihre Einwilligung jederzeit f\u00fcr die Zukunft per E-Mail an <a href=\"mailto:info@omnii.de\">info@omnii.de<\/a> widerrufen. <br \/>Detaillierte Informationen zum Umgang mit Nutzerdaten finden Sie in der <a href=\"\/EU-DSGVO\">EU-DSGVO<\/a>.<\/label><\/li><\/ul><\/div><\/div><!-- .wpforms-field-container --><div class=\"wpforms-field wpforms-field-hp\"><label for=\"wpforms-161-field-hp\" class=\"wpforms-field-label\">Message<\/label><input type=\"text\" name=\"wpforms[hp]\" id=\"wpforms-161-field-hp\" class=\"wpforms-field-medium\"><\/div><div class=\"wpforms-recaptcha-container wpforms-is-recaptcha wpforms-is-recaptcha-type-v3\" ><input type=\"hidden\" name=\"wpforms[recaptcha]\" value=\"\"><\/div><div class=\"wpforms-submit-container\" ><input type=\"hidden\" name=\"wpforms[id]\" value=\"161\"><input type=\"hidden\" name=\"page_title\" value=\"\"><input type=\"hidden\" name=\"page_url\" value=\"https:\/\/omnii.de\/cms\/wp-json\/wp\/v2\/pages\/147\"><button type=\"submit\" name=\"wpforms[submit]\" id=\"wpforms-submit-161\" class=\"wpforms-submit\" data-alt-text=\"Senden...\" data-submit-text=\"Absenden\" aria-live=\"assertive\" value=\"wpforms-submit\">Absenden<\/button><img loading=\"lazy\" decoding=\"async\" src=\"https:\/\/omnii.de\/cms\/wp-content\/plugins\/wpforms-lite\/assets\/images\/submit-spin.svg\" class=\"wpforms-submit-spinner\" style=\"display: none;\" width=\"26\" height=\"26\" alt=\"Wird geladen\"><\/div><\/form><\/div>  <!-- .wpforms-container -->","protected":false},"excerpt":{"rendered":"<p>Gerne stehe ich Ihnen f\u00fcr Fragen und Antworten zur Seite.. 08821-7086409 Kontaktieren Sie mich rund um das Thema Web, EDV und Corporate Identity!<\/p>\n","protected":false},"author":1,"featured_media":0,"parent":0,"menu_order":0,"comment_status":"closed","ping_status":"closed","template":"","meta":{"_vp_format_video_url":"","_vp_image_focal_point":[],"footnotes":""},"yoast_head":"<!-- This site is optimized with the Yoast SEO plugin v22.8 - https:\/\/yoast.com\/wordpress\/plugins\/seo\/ -->\n<title>Kontakt &#8211; MTS Omnii<\/title>\n<meta name=\"robots\" content=\"index, follow, max-snippet:-1, max-image-preview:large, max-video-preview:-1\" \/>\n<link rel=\"canonical\" href=\"https:\/\/omnii.de\/cms\/kontakt\/\" \/>\n<meta property=\"og:locale\" content=\"de_DE\" \/>\n<meta property=\"og:type\" content=\"article\" \/>\n<meta property=\"og:title\" content=\"Kontakt &#8211; MTS Omnii\" \/>\n<meta property=\"og:description\" content=\"Gerne stehe ich Ihnen f\u00fcr Fragen und Antworten zur Seite.. 08821-7086409 Kontaktieren Sie mich rund um das Thema Web, EDV und Corporate Identity!\" \/>\n<meta property=\"og:url\" content=\"https:\/\/omnii.de\/cms\/kontakt\/\" \/>\n<meta property=\"og:site_name\" content=\"MTS Omnii\" \/>\n<meta property=\"article:publisher\" content=\"https:\/\/www.facebook.com\/MTSOmnii\/\" \/>\n<meta property=\"article:modified_time\" content=\"2020-05-04T12:24:59+00:00\" \/>\n<meta name=\"twitter:card\" content=\"summary_large_image\" \/>\n<meta name=\"twitter:site\" content=\"@MTSOmnii\" \/>\n<script type=\"application\/ld+json\" class=\"yoast-schema-graph\">{\"@context\":\"https:\/\/schema.org\",\"@graph\":[{\"@type\":\"WebPage\",\"@id\":\"https:\/\/omnii.de\/cms\/kontakt\/\",\"url\":\"https:\/\/omnii.de\/cms\/kontakt\/\",\"name\":\"Kontakt &#8211; MTS Omnii\",\"isPartOf\":{\"@id\":\"\/#website\"},\"datePublished\":\"2020-04-28T21:50:34+00:00\",\"dateModified\":\"2020-05-04T12:24:59+00:00\",\"breadcrumb\":{\"@id\":\"https:\/\/omnii.de\/cms\/kontakt\/#breadcrumb\"},\"inLanguage\":\"de\",\"potentialAction\":[{\"@type\":\"ReadAction\",\"target\":[\"https:\/\/omnii.de\/cms\/kontakt\/\"]}]},{\"@type\":\"BreadcrumbList\",\"@id\":\"https:\/\/omnii.de\/cms\/kontakt\/#breadcrumb\",\"itemListElement\":[{\"@type\":\"ListItem\",\"position\":1,\"name\":\"Startseite\",\"item\":\"https:\/\/omnii.de\/cms\/\"},{\"@type\":\"ListItem\",\"position\":2,\"name\":\"Kontakt\"}]},{\"@type\":\"WebSite\",\"@id\":\"\/#website\",\"url\":\"\/\",\"name\":\"MTS Omnii - Dein Partner in Garmisch\",\"description\":\"Dein Partner in Garmisch\",\"potentialAction\":[{\"@type\":\"SearchAction\",\"target\":{\"@type\":\"EntryPoint\",\"urlTemplate\":\"\/?s={search_term_string}\"},\"query-input\":\"required name=search_term_string\"}],\"inLanguage\":\"de\"}]}<\/script>\n<!-- \/ Yoast SEO plugin. -->","yoast_head_json":{"title":"Kontakt &#8211; MTS Omnii","robots":{"index":"index","follow":"follow","max-snippet":"max-snippet:-1","max-image-preview":"max-image-preview:large","max-video-preview":"max-video-preview:-1"},"canonical":"https:\/\/omnii.de\/cms\/kontakt\/","og_locale":"de_DE","og_type":"article","og_title":"Kontakt &#8211; MTS Omnii","og_description":"Gerne stehe ich Ihnen f\u00fcr Fragen und Antworten zur Seite.. 08821-7086409 Kontaktieren Sie mich rund um das Thema Web, EDV und Corporate Identity!","og_url":"https:\/\/omnii.de\/cms\/kontakt\/","og_site_name":"MTS Omnii","article_publisher":"https:\/\/www.facebook.com\/MTSOmnii\/","article_modified_time":"2020-05-04T12:24:59+00:00","twitter_card":"summary_large_image","twitter_site":"@MTSOmnii","schema":{"@context":"https:\/\/schema.org","@graph":[{"@type":"WebPage","@id":"https:\/\/omnii.de\/cms\/kontakt\/","url":"https:\/\/omnii.de\/cms\/kontakt\/","name":"Kontakt &#8211; MTS Omnii","isPartOf":{"@id":"\/#website"},"datePublished":"2020-04-28T21:50:34+00:00","dateModified":"2020-05-04T12:24:59+00:00","breadcrumb":{"@id":"https:\/\/omnii.de\/cms\/kontakt\/#breadcrumb"},"inLanguage":"de","potentialAction":[{"@type":"ReadAction","target":["https:\/\/omnii.de\/cms\/kontakt\/"]}]},{"@type":"BreadcrumbList","@id":"https:\/\/omnii.de\/cms\/kontakt\/#breadcrumb","itemListElement":[{"@type":"ListItem","position":1,"name":"Startseite","item":"https:\/\/omnii.de\/cms\/"},{"@type":"ListItem","position":2,"name":"Kontakt"}]},{"@type":"WebSite","@id":"\/#website","url":"\/","name":"MTS Omnii - Dein Partner in Garmisch","description":"Dein Partner in Garmisch","potentialAction":[{"@type":"SearchAction","target":{"@type":"EntryPoint","urlTemplate":"\/?s={search_term_string}"},"query-input":"required name=search_term_string"}],"inLanguage":"de"}]}},"_links":{"self":[{"href":"https:\/\/omnii.de\/cms\/wp-json\/wp\/v2\/pages\/147"}],"collection":[{"href":"https:\/\/omnii.de\/cms\/wp-json\/wp\/v2\/pages"}],"about":[{"href":"https:\/\/omnii.de\/cms\/wp-json\/wp\/v2\/types\/page"}],"author":[{"embeddable":true,"href":"https:\/\/omnii.de\/cms\/wp-json\/wp\/v2\/users\/1"}],"replies":[{"embeddable":true,"href":"https:\/\/omnii.de\/cms\/wp-json\/wp\/v2\/comments?post=147"}],"version-history":[{"count":3,"href":"https:\/\/omnii.de\/cms\/wp-json\/wp\/v2\/pages\/147\/revisions"}],"predecessor-version":[{"id":163,"href":"https:\/\/omnii.de\/cms\/wp-json\/wp\/v2\/pages\/147\/revisions\/163"}],"wp:attachment":[{"href":"https:\/\/omnii.de\/cms\/wp-json\/wp\/v2\/media?parent=147"}],"curies":[{"name":"wp","href":"https:\/\/api.w.org\/{rel}","templated":true}]}}